{"id":7,"date":"2023-08-21T14:06:02","date_gmt":"2023-08-21T12:06:02","guid":{"rendered":"http:\/\/pawusfilm.pl\/?page_id=7"},"modified":"2024-01-17T11:38:21","modified_gmt":"2024-01-17T10:38:21","slug":"nowe-muzeum-sztuki-nowoczesnej-otwarlo-swoje-powoje","status":"publish","type":"page","link":"https:\/\/pawusfilm.pl\/","title":{"rendered":"Produkcja film\u00f3w reklamowych, instrukta\u017cowych, wizerunkowych."},"content":{"rendered":"\n<figure class=\"wp-block-image alignfull size-large wp-duotone-unset-1\"><img loading=\"lazy\" decoding=\"async\" width=\"1024\" height=\"394\" src=\"https:\/\/pawusfilm.pl\/wp-content\/uploads\/2023\/12\/cropped-P1020388-scaled-1-1024x394.jpg\" alt=\"\" class=\"wp-image-95\" srcset=\"https:\/\/pawusfilm.pl\/wp-content\/uploads\/2023\/12\/cropped-P1020388-scaled-1-1024x394.jpg 1024w, https:\/\/pawusfilm.pl\/wp-content\/uploads\/2023\/12\/cropped-P1020388-scaled-1-300x115.jpg 300w, https:\/\/pawusfilm.pl\/wp-content\/uploads\/2023\/12\/cropped-P1020388-scaled-1-768x295.jpg 768w, https:\/\/pawusfilm.pl\/wp-content\/uploads\/2023\/12\/cropped-P1020388-scaled-1-1140x439.jpg 1140w, https:\/\/pawusfilm.pl\/wp-content\/uploads\/2023\/12\/cropped-P1020388-scaled-1.jpg 1500w\" sizes=\"auto, (max-width: 767px) 89vw, (max-width: 1000px) 54vw, (max-width: 1071px) 543px, 580px\" \/><\/figure>\n\n\n\n<blockquote class=\"wp-block-quote is-layout-flow wp-block-quote-is-layout-flow\">\n<p>Przez ostatnie dziesi\u0119\u0107 lat by\u0142em sta\u0142ym bywalcem na planach filmowych, gdzie moje umiej\u0119tno\u015bci pilota\u017cu drona by\u0142y kluczowe. Moje do\u015bwiadczenie obj\u0119\u0142o r\u00f3\u017cnorodne projekty, a moje zdolno\u015bci umo\u017cliwiaj\u0105 mi uzyskiwanie efektu \u201ecinema look\u201d, dodaj\u0105c filmowym produkcjom niepowtarzaln\u0105 atmosfer\u0119. Jako do\u015bwiadczony profesjonalista, moje podej\u015bcie do latania dronem opiera si\u0119 na precyzji i dba\u0142o\u015bci o detale, co przek\u0142ada si\u0119 na wysok\u0105 jako\u015b\u0107 wizualn\u0105 w ka\u017cdym projekcie.<\/p>\n<\/blockquote>\n\n\n\n<figure class=\"wp-block-embed aligncenter is-type-video is-provider-youtube wp-block-embed-youtube wp-embed-aspect-16-9 wp-has-aspect-ratio\"><div class=\"wp-block-embed__wrapper\">\n<iframe loading=\"lazy\" title=\"Generalne wykonawstwo inwestycji budowlanych - oferta i realizacje WPW Invest\" width=\"525\" height=\"295\" src=\"https:\/\/www.youtube.com\/embed\/RxfvFP4wUZc?feature=oembed\" frameborder=\"0\" allow=\"accelerometer; autoplay; clipboard-write; encrypted-media; gyroscope; picture-in-picture; web-share\" referrerpolicy=\"strict-origin-when-cross-origin\" allowfullscreen><\/iframe>\n<\/div><figcaption class=\"wp-element-caption\">Wizyt\u00f3wka firmy WPW<\/figcaption><\/figure>\n\n\n\n<blockquote class=\"wp-block-quote is-layout-flow wp-block-quote-is-layout-flow\">\n<p>W naszym  filmie starannie ukazujemy firm\u0119 naszego klienta jako renomowanego generalnego wykonawc\u0119 budynk\u00f3w handlowych, obiekt\u00f3w u\u017cyteczno\u015bci publicznej oraz nowoczesnych siedzib firm. Dope\u0142nieniem wizualnej narracji jest starannie dobrana muzyka, kt\u00f3ra nie tylko uwydatnia estetyk\u0119 projekt\u00f3w, ale r\u00f3wnie\u017c buduje odpowiednie nastroje, podkre\u015blaj\u0105c ich znaczenie i unikalno\u015b\u0107. Dodatkowo, profesjonalny lektor nadaje filmowi g\u0142os, wprowadzaj\u0105c widza w fascynuj\u0105cy \u015bwiat kompleksowych realizacji budowlanych naszego klienta.<\/p>\n<\/blockquote>\n\n\n\n<figure class=\"wp-block-embed aligncenter is-type-video is-provider-youtube wp-block-embed-youtube wp-embed-aspect-16-9 wp-has-aspect-ratio\"><div class=\"wp-block-embed__wrapper\">\n<iframe loading=\"lazy\" title=\"Wibroizolacja budynku w s\u0105siedztwie torowiska - Ostro\u0142\u0119ka\" width=\"525\" height=\"295\" src=\"https:\/\/www.youtube.com\/embed\/VZy3wKNdfK0?feature=oembed\" frameborder=\"0\" allow=\"accelerometer; autoplay; clipboard-write; encrypted-media; gyroscope; picture-in-picture; web-share\" referrerpolicy=\"strict-origin-when-cross-origin\" allowfullscreen><\/iframe>\n<\/div><figcaption class=\"wp-element-caption\">Wibroizaolacja budynku przy torach.<\/figcaption><\/figure>\n\n\n\n<blockquote class=\"wp-block-quote is-layout-flow wp-block-quote-is-layout-flow\">\n<p><br>W ostatnim projekcie filmowym skupili\u015bmy si\u0119 na temacie wibroizolacji fundament\u00f3w budynk\u00f3w zlokalizowanych w s\u0105siedztwie tor\u00f3w kolejowych, spe\u0142niaj\u0105c specjalne \u017cyczenie jednego z naszych sta\u0142ych klient\u00f3w. Nasza produkcja filmowa szczeg\u00f3\u0142owo dokumentuje procesy zwi\u0105zane z wibroizolacj\u0105, koncentruj\u0105c si\u0119 na specyficznych wyzwaniach, jakie stawiaj\u0105 warunki zimowe. Zdj\u0119cia oddaj\u0105 nie tylko zaawansowane technologie wibroizolacyjne, ale r\u00f3wnie\u017c skuteczno\u015b\u0107 dzia\u0142a\u0144 w kontek\u015bcie poprawy komfortu i bezpiecze\u0144stwa budynk\u00f3w w trudnych warunkach otoczenia kolejowego.<\/p>\n<\/blockquote>\n\n\n\n<figure class=\"wp-block-embed is-type-video is-provider-youtube wp-block-embed-youtube wp-embed-aspect-16-9 wp-has-aspect-ratio\"><div class=\"wp-block-embed__wrapper\">\n<iframe loading=\"lazy\" title=\"Warkot - Karnawa\u0142owa premiera piw rzemie\u015blniczych\" width=\"525\" height=\"295\" src=\"https:\/\/www.youtube.com\/embed\/rRlUKWNfijs?feature=oembed\" frameborder=\"0\" allow=\"accelerometer; autoplay; clipboard-write; encrypted-media; gyroscope; picture-in-picture; web-share\" referrerpolicy=\"strict-origin-when-cross-origin\" allowfullscreen><\/iframe>\n<\/div><figcaption class=\"wp-element-caption\">Warkot &#8211; Karnawa\u0142owa premiera piw rzemie\u015blniczych<\/figcaption><\/figure>\n\n\n\n<blockquote class=\"wp-block-quote is-layout-flow wp-block-quote-is-layout-flow\">\n<p>Nasz  wideo reporta\u017c to pe\u0142en energii zapis niezapomnianej imprezy piwnej, gdzie eksplorowali\u015bmy \u015bwiat piw w wyj\u0105tkowy spos\u00f3b. Przez dynamiczny monta\u017c oraz kadr z g\u0142\u0119bi smak\u00f3w, podkre\u015blili\u015bmy pi\u0119\u0107 r\u00f3\u017cnorodnych rodzaj\u00f3w piw, przenosz\u0105c widz\u00f3w w kulinarn\u0105 podr\u00f3\u017c. Nie zapomnieli\u015bmy tak\u017ce uchwyci\u0107 euforii i rado\u015bci go\u015bci, tworz\u0105c film, kt\u00f3ry nie tylko prezentuje r\u00f3\u017cnorodno\u015b\u0107 piwnego \u015bwiata, ale tak\u017ce oddaje atmosfer\u0119 pe\u0142n\u0105 \u015bwietnej zabawy i entuzjazmu.<\/p>\n<\/blockquote>\n\n\n\n<p><\/p>\n\n\n\n<p><\/p>\n\n\n\n<figure class=\"wp-block-embed aligncenter is-type-video is-provider-youtube wp-block-embed-youtube wp-embed-aspect-16-9 wp-has-aspect-ratio\"><div class=\"wp-block-embed__wrapper\">\n<iframe loading=\"lazy\" title=\"Vermis - False Gods [Official Video]\" width=\"525\" height=\"295\" src=\"https:\/\/www.youtube.com\/embed\/8xN70_xAQCg?feature=oembed\" frameborder=\"0\" allow=\"accelerometer; autoplay; clipboard-write; encrypted-media; gyroscope; picture-in-picture; web-share\" referrerpolicy=\"strict-origin-when-cross-origin\" allowfullscreen><\/iframe>\n<\/div><figcaption class=\"wp-element-caption\">Teledysk dla grupy Vermis<\/figcaption><\/figure>\n\n\n\n<blockquote class=\"wp-block-quote is-layout-flow wp-block-quote-is-layout-flow\">\n<p><br>Nasz teledysk dla grupy heavymetalowej Vermis to po\u0142\u0105czenie pot\u0119\u017cnych d\u017awi\u0119k\u00f3w i mrocznego klimatu, wzbogacone o hipnotyzuj\u0105ce ta\u0144ce jazzowej tancerki. W otoczeniu buchaj\u0105cych p\u0142omieni i ognia, zesp\u00f3\u0142 prezentuje swoj\u0105 si\u0142\u0119, a energetyczne ruchy tancerki dodaj\u0105 niezwyk\u0142ego elementu artystycznego. Film nie tylko eksploruje granice muzycznego ekspresjonizmu, ale r\u00f3wnie\u017c \u0142\u0105czy w sobie r\u00f3\u017cnorodne formy sztuki, tworz\u0105c teledysk, kt\u00f3ry fascynuje i przekracza konwencje.<\/p>\n<\/blockquote>\n\n\n\n<figure class=\"wp-block-embed is-type-video is-provider-youtube wp-block-embed-youtube wp-embed-aspect-16-9 wp-has-aspect-ratio\"><div class=\"wp-block-embed__wrapper\">\nhttps:\/\/www.youtube.com\/watch?v=gjJKpipzF3o\n<\/div><figcaption class=\"wp-element-caption\">Jak si\u0119 pracuje przy pomidorkach w Holandi. Realiacja dla Contrain<\/figcaption><\/figure>\n\n\n\n<p> Film zrealizowany w Holandii dla Contrain stanowi wizualne wprowadzenie do pracy przy zbiorze pomidor\u00f3w, maj\u0105ce przybli\u017cy\u0107 przysz\u0142ym pracownikom zakres ich obowi\u0105zk\u00f3w. Poprzez uj\u0119cia realnych sytuacji na plantacjach, film precyzyjnie przedstawia procesy zbioru, sortowania i pakowania pomidor\u00f3w, rzucaj\u0105c \u015bwiat\u0142o na codzienny trud pracownik\u00f3w. Zestawiaj\u0105c urok holenderskiego krajobrazu z dynamiczn\u0105 prac\u0105 w szklarniach, film nie tylko edukuje, ale r\u00f3wnie\u017c inspiruje potencjalnych pracownik\u00f3w do\u0142\u0105czenia do tej niezwyk\u0142ej spo\u0142eczno\u015bci zbieraj\u0105cej plony natury.<\/p>\n\n\n\n<figure class=\"wp-block-embed aligncenter is-type-video is-provider-youtube wp-block-embed-youtube wp-embed-aspect-16-9 wp-has-aspect-ratio\"><div class=\"wp-block-embed__wrapper\">\n<iframe loading=\"lazy\" title=\"Panele fotowoltaiczne - monta\u017c instalacji w ofercie WPW Invest!\" width=\"525\" height=\"295\" src=\"https:\/\/www.youtube.com\/embed\/bEMGqvWpuYg?feature=oembed\" frameborder=\"0\" allow=\"accelerometer; autoplay; clipboard-write; encrypted-media; gyroscope; picture-in-picture; web-share\" referrerpolicy=\"strict-origin-when-cross-origin\" allowfullscreen><\/iframe>\n<\/div><figcaption class=\"wp-element-caption\">Reklama fotowoltaki<\/figcaption><\/figure>\n\n\n\n<p>Nasz film reklamowy dotycz\u0105cy fotowoltaiki to pe\u0142en nowoczesno\u015bci obraz przedstawiaj\u0105cy korzy\u015bci zwi\u0105zane z wykorzystaniem energii s\u0142onecznej. Damski, ciep\u0142y g\u0142os lektora, pe\u0142en profesjonalizmu, opowiada o zaletach fotowoltaiki, podczas gdy dynamiczna grafika wizualizuje kluczowe parametry i efektywno\u015b\u0107 systemu. Ten film nie tylko edukuje, lecz tak\u017ce zach\u0119ca do inwestycji w zr\u00f3wnowa\u017con\u0105 energi\u0119, tworz\u0105c wizj\u0119 przysz\u0142o\u015bci z wykorzystaniem nowoczesnych technologii<\/p>\n\n\n\n<figure class=\"wp-block-embed is-type-video is-provider-youtube wp-block-embed-youtube wp-embed-aspect-16-9 wp-has-aspect-ratio\"><div class=\"wp-block-embed__wrapper\">\n<iframe loading=\"lazy\" title=\"Osiedle Sunset - II etap sprzeda\u017cy dom\u00f3w - \u0141omianki dolne\" width=\"525\" height=\"295\" src=\"https:\/\/www.youtube.com\/embed\/FH_RG8jfXw0?feature=oembed\" frameborder=\"0\" allow=\"accelerometer; autoplay; clipboard-write; encrypted-media; gyroscope; picture-in-picture; web-share\" referrerpolicy=\"strict-origin-when-cross-origin\" allowfullscreen><\/iframe>\n<\/div><figcaption class=\"wp-element-caption\">Osiedle Sunset w podwarszawskich \u0141omiankach<\/figcaption><\/figure>\n\n\n\n<figure class=\"wp-block-embed aligncenter is-type-video is-provider-youtube wp-block-embed-youtube wp-embed-aspect-16-9 wp-has-aspect-ratio\"><div class=\"wp-block-embed__wrapper\">\n<iframe loading=\"lazy\" title=\"Sawo Recykling\" width=\"525\" height=\"295\" src=\"https:\/\/www.youtube.com\/embed\/K5dZxrKCZeY?feature=oembed\" frameborder=\"0\" allow=\"accelerometer; autoplay; clipboard-write; encrypted-media; gyroscope; picture-in-picture; web-share\" referrerpolicy=\"strict-origin-when-cross-origin\" allowfullscreen><\/iframe>\n<\/div><figcaption class=\"wp-element-caption\">Reklam\u00f3wka dla firmy SAWO<\/figcaption><\/figure>\n\n\n\n<figure class=\"wp-block-embed aligncenter is-type-video is-provider-youtube wp-block-embed-youtube wp-embed-aspect-16-9 wp-has-aspect-ratio\"><div class=\"wp-block-embed__wrapper\">\n<iframe loading=\"lazy\" title=\"Praca z Contrain przy namiotach eventowych! \ud83c\udfaa\" width=\"525\" height=\"295\" src=\"https:\/\/www.youtube.com\/embed\/q5tU2gm4Z6M?feature=oembed\" frameborder=\"0\" allow=\"accelerometer; autoplay; clipboard-write; encrypted-media; gyroscope; picture-in-picture; web-share\" referrerpolicy=\"strict-origin-when-cross-origin\" allowfullscreen><\/iframe>\n<\/div><figcaption class=\"wp-element-caption\">Praca przy namiotach, realizacja dla Contrain<\/figcaption><\/figure>\n\n\n\n<figure class=\"wp-block-embed aligncenter is-type-video is-provider-youtube wp-block-embed-youtube wp-embed-aspect-16-9 wp-has-aspect-ratio\"><div class=\"wp-block-embed__wrapper\">\n<iframe loading=\"lazy\" title=\"Konstrukcja drewniana dachu galerii handlowej w Jaroszowicach, wykonana przez WPWinvest! \ud83d\ude01\" width=\"525\" height=\"295\" src=\"https:\/\/www.youtube.com\/embed\/P_UitxX_icQ?feature=oembed\" frameborder=\"0\" allow=\"accelerometer; autoplay; clipboard-write; encrypted-media; gyroscope; picture-in-picture; web-share\" referrerpolicy=\"strict-origin-when-cross-origin\" allowfullscreen><\/iframe>\n<\/div><figcaption class=\"wp-element-caption\">Konstrukcja dachu w kr\u00f3tkim filmie reklamowym.<\/figcaption><\/figure>\n\n\n\n<figure class=\"wp-block-embed is-type-video is-provider-youtube wp-block-embed-youtube wp-embed-aspect-16-9 wp-has-aspect-ratio\"><div class=\"wp-block-embed__wrapper\">\n<iframe loading=\"lazy\" title=\"Spalski Hubertus Je\u017adziecki 2022 -skr\u00f3t z ca\u0142ego dnia.\" width=\"525\" height=\"295\" src=\"https:\/\/www.youtube.com\/embed\/nJH-4Hd90mU?feature=oembed\" frameborder=\"0\" allow=\"accelerometer; autoplay; clipboard-write; encrypted-media; gyroscope; picture-in-picture; web-share\" referrerpolicy=\"strict-origin-when-cross-origin\" allowfullscreen><\/iframe>\n<\/div><figcaption class=\"wp-element-caption\">Film zrealizowany dla Stowarzyszenia Hubertus Spalski Je\u017adziecki w 22 roku<\/figcaption><\/figure>\n\n\n\n<figure class=\"wp-block-embed is-type-video is-provider-youtube wp-block-embed-youtube wp-embed-aspect-16-9 wp-has-aspect-ratio\"><div class=\"wp-block-embed__wrapper\">\n<iframe loading=\"lazy\" title=\"Avata lata po sortowni MPO\" width=\"525\" height=\"295\" src=\"https:\/\/www.youtube.com\/embed\/DdPtclZGDsM?feature=oembed\" frameborder=\"0\" allow=\"accelerometer; autoplay; clipboard-write; encrypted-media; gyroscope; picture-in-picture; web-share\" referrerpolicy=\"strict-origin-when-cross-origin\" allowfullscreen><\/iframe>\n<\/div><figcaption class=\"wp-element-caption\">Realizacja filmu dla M&amp;M Engeneering.<\/figcaption><\/figure>\n\n\n\n<figure class=\"wp-block-embed is-type-video is-provider-youtube wp-block-embed-youtube wp-embed-aspect-16-9 wp-has-aspect-ratio\"><div class=\"wp-block-embed__wrapper\">\n<iframe loading=\"lazy\" title=\"Film reklamowy osiedla w \u0141omiankach\" width=\"525\" height=\"295\" src=\"https:\/\/www.youtube.com\/embed\/DHsUI6y7C4Y?feature=oembed\" frameborder=\"0\" allow=\"accelerometer; autoplay; clipboard-write; encrypted-media; gyroscope; picture-in-picture; web-share\" referrerpolicy=\"strict-origin-when-cross-origin\" allowfullscreen><\/iframe>\n<\/div><figcaption class=\"wp-element-caption\">Realizacja filmu dla dewelopera z \u0141omianek<\/figcaption><\/figure>\n\n\n\n<figure class=\"wp-block-embed is-type-video is-provider-youtube wp-block-embed-youtube wp-embed-aspect-16-9 wp-has-aspect-ratio\"><div class=\"wp-block-embed__wrapper\">\n<iframe loading=\"lazy\" title=\"Dom na sprzeda\u017c   video z inwestycji\" width=\"525\" height=\"295\" src=\"https:\/\/www.youtube.com\/embed\/ODmEBcsHRHA?feature=oembed\" frameborder=\"0\" allow=\"accelerometer; autoplay; clipboard-write; encrypted-media; gyroscope; picture-in-picture; web-share\" referrerpolicy=\"strict-origin-when-cross-origin\" allowfullscreen><\/iframe>\n<\/div><figcaption class=\"wp-element-caption\">Realizacja zdj\u0119\u0107 dla agencji reklamowej<\/figcaption><\/figure>\n","protected":false},"excerpt":{"rendered":"<p>Przez ostatnie dziesi\u0119\u0107 lat by\u0142em sta\u0142ym bywalcem na planach filmowych, gdzie moje umiej\u0119tno\u015bci pilota\u017cu drona by\u0142y kluczowe. Moje do\u015bwiadczenie obj\u0119\u0142o r\u00f3\u017cnorodne projekty, a moje zdolno\u015bci umo\u017cliwiaj\u0105 mi uzyskiwanie efektu \u201ecinema look\u201d, dodaj\u0105c filmowym produkcjom niepowtarzaln\u0105 atmosfer\u0119. Jako do\u015bwiadczony profesjonalista, moje podej\u015bcie do latania dronem opiera si\u0119 na precyzji i dba\u0142o\u015bci o detale, co przek\u0142ada si\u0119 &hellip; <\/p>\n<p class=\"link-more\"><a href=\"https:\/\/pawusfilm.pl\/\" class=\"more-link\">Czytaj dalej<span class=\"screen-reader-text\"> \u201eProdukcja film\u00f3w reklamowych, instrukta\u017cowych, wizerunkowych.\u201d<\/span><\/a><\/p>\n","protected":false},"author":1,"featured_media":97,"parent":0,"menu_order":0,"comment_status":"closed","ping_status":"closed","template":"","meta":{"footnotes":""},"class_list":["post-7","page","type-page","status-publish","has-post-thumbnail","hentry"],"_links":{"self":[{"href":"https:\/\/pawusfilm.pl\/index.php\/wp-json\/wp\/v2\/pages\/7","targetHints":{"allow":["GET"]}}],"collection":[{"href":"https:\/\/pawusfilm.pl\/index.php\/wp-json\/wp\/v2\/pages"}],"about":[{"href":"https:\/\/pawusfilm.pl\/index.php\/wp-json\/wp\/v2\/types\/page"}],"author":[{"embeddable":true,"href":"https:\/\/pawusfilm.pl\/index.php\/wp-json\/wp\/v2\/users\/1"}],"replies":[{"embeddable":true,"href":"https:\/\/pawusfilm.pl\/index.php\/wp-json\/wp\/v2\/comments?post=7"}],"version-history":[{"count":35,"href":"https:\/\/pawusfilm.pl\/index.php\/wp-json\/wp\/v2\/pages\/7\/revisions"}],"predecessor-version":[{"id":139,"href":"https:\/\/pawusfilm.pl\/index.php\/wp-json\/wp\/v2\/pages\/7\/revisions\/139"}],"wp:featuredmedia":[{"embeddable":true,"href":"https:\/\/pawusfilm.pl\/index.php\/wp-json\/wp\/v2\/media\/97"}],"wp:attachment":[{"href":"https:\/\/pawusfilm.pl\/index.php\/wp-json\/wp\/v2\/media?parent=7"}],"curies":[{"name":"wp","href":"https:\/\/api.w.org\/{rel}","templated":true}]}}